{"id":1318,"date":"2025-08-11T00:29:21","date_gmt":"2025-08-11T00:29:21","guid":{"rendered":"https:\/\/levion.io\/terminos-y-condiciones\/"},"modified":"2025-08-16T17:33:48","modified_gmt":"2025-08-16T17:33:48","slug":"terminos-y-condiciones","status":"publish","type":"page","link":"https:\/\/levion.io\/es\/terminos-y-condiciones\/","title":{"rendered":"T\u00e9rminos y Condiciones"},"content":{"rendered":"\t\t<div data-elementor-type=\"wp-page\" data-elementor-id=\"1318\" class=\"elementor elementor-1318 elementor-1020\" data-elementor-post-type=\"page\">\n\t\t\t\t<div class=\"elementor-element elementor-element-5f52c46 e-flex e-con-boxed e-con e-parent\" data-id=\"5f52c46\" data-element_type=\"container\" data-settings=\"{&quot;background_background&quot;:&quot;classic&quot;}\">\n\t\t\t\t\t<div class=\"e-con-inner\">\n\t\t\t\t<div class=\"elementor-element elementor-element-ff659a7 elementor-widget elementor-widget-heading\" data-id=\"ff659a7\" data-element_type=\"widget\" data-widget_type=\"heading.default\">\n\t\t\t\t\t<h1 class=\"elementor-heading-title elementor-size-default\">T\u00e9rminos y Condiciones<\/h1>\t\t\t\t<\/div>\n\t\t<div class=\"elementor-element elementor-element-d03a04e e-con-full e-flex e-con e-child\" data-id=\"d03a04e\" data-element_type=\"container\" data-settings=\"{&quot;background_background&quot;:&quot;classic&quot;}\">\n\t\t\t\t<div class=\"elementor-element elementor-element-5f9f2ae elementor-widget elementor-widget-text-editor\" data-id=\"5f9f2ae\" data-element_type=\"widget\" data-widget_type=\"text-editor.default\">\n\t\t\t\t\t\t\t\t\t<p>Bienvenido a Levion.io (\u201cLevion\u201d, \u201cnosotros\u201d, \u201cnuestro\u201d o \u201cnos\u201d). Estos T\u00e9rminos y Condiciones (\u201cT\u00e9rminos\u201d) regulan el uso de nuestra web, nuestros servicios y cualquier contenido relacionado. Al acceder o utilizar nuestros servicios, aceptas cumplir con estos T\u00e9rminos. Si no est\u00e1s de acuerdo, por favor abstente de utilizar nuestros servicios.<\/p>\t\t\t\t\t\t\t\t<\/div>\n\t\t\t\t<div class=\"elementor-element elementor-element-c079d49 elementor-widget-divider--view-line elementor-widget elementor-widget-divider\" data-id=\"c079d49\" data-element_type=\"widget\" data-widget_type=\"divider.default\">\n\t\t\t\t\t\t\t<div class=\"elementor-divider\">\n\t\t\t<span class=\"elementor-divider-separator\">\n\t\t\t\t\t\t<\/span>\n\t\t<\/div>\n\t\t\t\t\t\t<\/div>\n\t\t<div class=\"elementor-element elementor-element-fd5ffac e-con-full e-flex e-con e-child\" data-id=\"fd5ffac\" data-element_type=\"container\">\n\t\t\t\t<div class=\"elementor-element elementor-element-2b00842 elementor-widget elementor-widget-heading\" data-id=\"2b00842\" data-element_type=\"widget\" data-widget_type=\"heading.default\">\n\t\t\t\t\t<h2 class=\"elementor-heading-title elementor-size-default\">Servicios<\/h2>\t\t\t\t<\/div>\n\t\t\t\t<div class=\"elementor-element elementor-element-2d64c9f elementor-widget elementor-widget-text-editor\" data-id=\"2d64c9f\" data-element_type=\"widget\" data-widget_type=\"text-editor.default\">\n\t\t\t\t\t\t\t\t\t<p>Ofrecemos servicios web remotos, que incluyen, entre otros:<\/p><ul><li>Desarrollo y dise\u00f1o web<\/li><li>Optimizaci\u00f3n SEO y con IA<\/li><li>Dise\u00f1o UI\/UX<\/li><li>Redise\u00f1o y mejoras de sitios web<\/li><li>Soporte t\u00e9cnico<\/li><li>Soluciones de automatizaci\u00f3n con IA<\/li><\/ul><p>Todos los servicios se prestan de forma remota, salvo que se acuerde lo contrario por escrito.<\/p>\t\t\t\t\t\t\t\t<\/div>\n\t\t\t\t<\/div>\n\t\t\t\t<div class=\"elementor-element elementor-element-f056c7e elementor-widget-divider--view-line elementor-widget elementor-widget-divider\" data-id=\"f056c7e\" data-element_type=\"widget\" data-widget_type=\"divider.default\">\n\t\t\t\t\t\t\t<div class=\"elementor-divider\">\n\t\t\t<span class=\"elementor-divider-separator\">\n\t\t\t\t\t\t<\/span>\n\t\t<\/div>\n\t\t\t\t\t\t<\/div>\n\t\t<div class=\"elementor-element elementor-element-801682b e-con-full e-flex e-con e-child\" data-id=\"801682b\" data-element_type=\"container\">\n\t\t\t\t<div class=\"elementor-element elementor-element-b73b138 elementor-widget elementor-widget-heading\" data-id=\"b73b138\" data-element_type=\"widget\" data-widget_type=\"heading.default\">\n\t\t\t\t\t<h2 class=\"elementor-heading-title elementor-size-default\">Pedidos y Pagos<\/h2>\t\t\t\t<\/div>\n\t\t\t\t<div class=\"elementor-element elementor-element-d04407c elementor-widget elementor-widget-text-editor\" data-id=\"d04407c\" data-element_type=\"widget\" data-widget_type=\"text-editor.default\">\n\t\t\t\t\t\t\t\t\t<ul><li>Calendario de pagos: 30% por adelantado al inicio del proyecto, 30% a mitad del proyecto y 40% en la entrega.<\/li><li>Los pagos deben realizarse en euros (\u20ac) mediante transferencia bancaria, PayPal o tarjeta de cr\u00e9dito\/d\u00e9bito.<\/li><li>El trabajo no comenzar\u00e1 hasta que se reciba el dep\u00f3sito inicial.<\/li><li>Los pagos atrasados pueden provocar retrasos o la suspensi\u00f3n del proyecto.<\/li><\/ul>\t\t\t\t\t\t\t\t<\/div>\n\t\t\t\t<\/div>\n\t\t\t\t<div class=\"elementor-element elementor-element-4666b64 elementor-widget-divider--view-line elementor-widget elementor-widget-divider\" data-id=\"4666b64\" data-element_type=\"widget\" data-widget_type=\"divider.default\">\n\t\t\t\t\t\t\t<div class=\"elementor-divider\">\n\t\t\t<span class=\"elementor-divider-separator\">\n\t\t\t\t\t\t<\/span>\n\t\t<\/div>\n\t\t\t\t\t\t<\/div>\n\t\t<div class=\"elementor-element elementor-element-50e0138 e-con-full e-flex e-con e-child\" data-id=\"50e0138\" data-element_type=\"container\">\n\t\t\t\t<div class=\"elementor-element elementor-element-3d0fb25 elementor-widget elementor-widget-heading\" data-id=\"3d0fb25\" data-element_type=\"widget\" data-widget_type=\"heading.default\">\n\t\t\t\t\t<h2 class=\"elementor-heading-title elementor-size-default\">Plazos y Entrega<\/h2>\t\t\t\t<\/div>\n\t\t\t\t<div class=\"elementor-element elementor-element-7d46dc2 elementor-widget elementor-widget-text-editor\" data-id=\"7d46dc2\" data-element_type=\"widget\" data-widget_type=\"text-editor.default\">\n\t\t\t\t\t\t\t\t\t<ul><li>Los plazos del proyecto son estrictos y se acordar\u00e1n en el contrato.<\/li><li>Levion no se hace responsable de los retrasos ocasionados por la falta de retroalimentaci\u00f3n del cliente, la entrega de materiales incompletos o retrasos de terceros.<\/li><li>No se emitir\u00e1n reembolsos una vez que el trabajo haya comenzado.<\/li><\/ul>\t\t\t\t\t\t\t\t<\/div>\n\t\t\t\t<\/div>\n\t\t\t\t<div class=\"elementor-element elementor-element-f403d16 elementor-widget-divider--view-line elementor-widget elementor-widget-divider\" data-id=\"f403d16\" data-element_type=\"widget\" data-widget_type=\"divider.default\">\n\t\t\t\t\t\t\t<div class=\"elementor-divider\">\n\t\t\t<span class=\"elementor-divider-separator\">\n\t\t\t\t\t\t<\/span>\n\t\t<\/div>\n\t\t\t\t\t\t<\/div>\n\t\t<div class=\"elementor-element elementor-element-abbc124 e-con-full e-flex e-con e-child\" data-id=\"abbc124\" data-element_type=\"container\">\n\t\t\t\t<div class=\"elementor-element elementor-element-435a9c3 elementor-widget elementor-widget-heading\" data-id=\"435a9c3\" data-element_type=\"widget\" data-widget_type=\"heading.default\">\n\t\t\t\t\t<h2 class=\"elementor-heading-title elementor-size-default\">Derechos de Propiedad Intelectual<\/h2>\t\t\t\t<\/div>\n\t\t\t\t<div class=\"elementor-element elementor-element-6fdec50 elementor-widget elementor-widget-text-editor\" data-id=\"6fdec50\" data-element_type=\"widget\" data-widget_type=\"text-editor.default\">\n\t\t\t\t\t\t\t\t\t<ul><li>A menos que se acuerde lo contrario por escrito antes de que comience el proyecto, Levion retiene todos los derechos de propiedad intelectual sobre el trabajo entregado.<\/li><li>Tras el pago completo, los derechos de propiedad ser\u00e1n transferidos al cliente seg\u00fan lo establecido en el contrato del proyecto.<\/li><li>Levion se reserva el derecho de mostrar los proyectos finalizados en su portafolio, salvo que se acuerde lo contrario.<\/li><li>Podemos utilizar recursos de terceros (plantillas, im\u00e1genes de stock, plugins) que permanecer\u00e1n sujetos a sus respectivas licencias.<\/li><\/ul>\t\t\t\t\t\t\t\t<\/div>\n\t\t\t\t<\/div>\n\t\t\t\t<div class=\"elementor-element elementor-element-fe2ec3a elementor-widget-divider--view-line elementor-widget elementor-widget-divider\" data-id=\"fe2ec3a\" data-element_type=\"widget\" data-widget_type=\"divider.default\">\n\t\t\t\t\t\t\t<div class=\"elementor-divider\">\n\t\t\t<span class=\"elementor-divider-separator\">\n\t\t\t\t\t\t<\/span>\n\t\t<\/div>\n\t\t\t\t\t\t<\/div>\n\t\t<div class=\"elementor-element elementor-element-e1b3fee e-con-full e-flex e-con e-child\" data-id=\"e1b3fee\" data-element_type=\"container\">\n\t\t\t\t<div class=\"elementor-element elementor-element-ef65dde elementor-widget elementor-widget-heading\" data-id=\"ef65dde\" data-element_type=\"widget\" data-widget_type=\"heading.default\">\n\t\t\t\t\t<h2 class=\"elementor-heading-title elementor-size-default\">Responsabilidades del Cliente<\/h2>\t\t\t\t<\/div>\n\t\t\t\t<div class=\"elementor-element elementor-element-85c30e7 elementor-widget elementor-widget-text-editor\" data-id=\"85c30e7\" data-element_type=\"widget\" data-widget_type=\"text-editor.default\">\n\t\t\t\t\t\t\t\t\t<p>El cliente se compromete a:<\/p><ul><li>Proporcionar todo el contenido, retroalimentaci\u00f3n y aprobaciones necesarias de manera oportuna.<\/li><li>Garantizar que todo el material entregado est\u00e9 libre de infracciones de derechos de autor.<\/li><li>Cumplir con las leyes y regulaciones aplicables en su propia jurisdicci\u00f3n.<\/li><\/ul>\t\t\t\t\t\t\t\t<\/div>\n\t\t\t\t<\/div>\n\t\t\t\t<div class=\"elementor-element elementor-element-89335a8 elementor-widget-divider--view-line elementor-widget elementor-widget-divider\" data-id=\"89335a8\" data-element_type=\"widget\" data-widget_type=\"divider.default\">\n\t\t\t\t\t\t\t<div class=\"elementor-divider\">\n\t\t\t<span class=\"elementor-divider-separator\">\n\t\t\t\t\t\t<\/span>\n\t\t<\/div>\n\t\t\t\t\t\t<\/div>\n\t\t<div class=\"elementor-element elementor-element-5789f7f e-con-full e-flex e-con e-child\" data-id=\"5789f7f\" data-element_type=\"container\">\n\t\t\t\t<div class=\"elementor-element elementor-element-18a4ab8 elementor-widget elementor-widget-heading\" data-id=\"18a4ab8\" data-element_type=\"widget\" data-widget_type=\"heading.default\">\n\t\t\t\t\t<h2 class=\"elementor-heading-title elementor-size-default\">Responsabilidad y Garant\u00edas<\/h2>\t\t\t\t<\/div>\n\t\t\t\t<div class=\"elementor-element elementor-element-2dd312c elementor-widget elementor-widget-text-editor\" data-id=\"2dd312c\" data-element_type=\"widget\" data-widget_type=\"text-editor.default\">\n\t\t\t\t\t\t\t\t\t<ul><li>Si se producen da\u00f1os debido a una falta comprobada de Levion, nos encargaremos de resolver y corregir el problema.<\/li><li>No nos hacemos responsables de problemas ocasionados por software de terceros, proveedores de hosting, acciones del cliente o causas de fuerza mayor.<\/li><li>No se ofrece ninguna garant\u00eda en relaci\u00f3n con el posicionamiento en buscadores, la disponibilidad del servicio o resultados comerciales espec\u00edficos, salvo que se indique expresamente por escrito.<\/li><\/ul>\t\t\t\t\t\t\t\t<\/div>\n\t\t\t\t<\/div>\n\t\t\t\t<div class=\"elementor-element elementor-element-81593f6 elementor-widget-divider--view-line elementor-widget elementor-widget-divider\" data-id=\"81593f6\" data-element_type=\"widget\" data-widget_type=\"divider.default\">\n\t\t\t\t\t\t\t<div class=\"elementor-divider\">\n\t\t\t<span class=\"elementor-divider-separator\">\n\t\t\t\t\t\t<\/span>\n\t\t<\/div>\n\t\t\t\t\t\t<\/div>\n\t\t<div class=\"elementor-element elementor-element-7d699ba e-con-full e-flex e-con e-child\" data-id=\"7d699ba\" data-element_type=\"container\">\n\t\t\t\t<div class=\"elementor-element elementor-element-d27f48b elementor-widget elementor-widget-heading\" data-id=\"d27f48b\" data-element_type=\"widget\" data-widget_type=\"heading.default\">\n\t\t\t\t\t<h2 class=\"elementor-heading-title elementor-size-default\">Terminaci\u00f3n<\/h2>\t\t\t\t<\/div>\n\t\t\t\t<div class=\"elementor-element elementor-element-ce4fee2 elementor-widget elementor-widget-text-editor\" data-id=\"ce4fee2\" data-element_type=\"widget\" data-widget_type=\"text-editor.default\">\n\t\t\t\t\t\t\t\t\t<p>Cualquiera de las partes podr\u00e1 dar por terminado el acuerdo mediante notificaci\u00f3n escrita. En caso de terminaci\u00f3n: <\/p><ul><li>Todo el trabajo realizado hasta ese momento deber\u00e1 ser pagado en su totalidad.<\/li><li>Cualquier dep\u00f3sito realizado no ser\u00e1 reembolsable.<\/li><\/ul>\t\t\t\t\t\t\t\t<\/div>\n\t\t\t\t<\/div>\n\t\t\t\t<div class=\"elementor-element elementor-element-1c80640 elementor-widget-divider--view-line elementor-widget elementor-widget-divider\" data-id=\"1c80640\" data-element_type=\"widget\" data-widget_type=\"divider.default\">\n\t\t\t\t\t\t\t<div class=\"elementor-divider\">\n\t\t\t<span class=\"elementor-divider-separator\">\n\t\t\t\t\t\t<\/span>\n\t\t<\/div>\n\t\t\t\t\t\t<\/div>\n\t\t<div class=\"elementor-element elementor-element-20d62be e-con-full e-flex e-con e-child\" data-id=\"20d62be\" data-element_type=\"container\">\n\t\t\t\t<div class=\"elementor-element elementor-element-a590e13 elementor-widget elementor-widget-heading\" data-id=\"a590e13\" data-element_type=\"widget\" data-widget_type=\"heading.default\">\n\t\t\t\t\t<h2 class=\"elementor-heading-title elementor-size-default\">Jurisdicci\u00f3n y Ley Aplicable<\/h2>\t\t\t\t<\/div>\n\t\t\t\t<div class=\"elementor-element elementor-element-254c3b4 elementor-widget elementor-widget-text-editor\" data-id=\"254c3b4\" data-element_type=\"widget\" data-widget_type=\"text-editor.default\">\n\t\t\t\t\t\t\t\t\t<p>Estos T\u00e9rminos se rigen por las leyes de la Uni\u00f3n Europea, con aplicaci\u00f3n espec\u00edfica de la legislaci\u00f3n espa\u00f1ola cuando corresponda.Cualquier disputa ser\u00e1 resuelta en los tribunales competentes de Espa\u00f1a. <\/p>\t\t\t\t\t\t\t\t<\/div>\n\t\t\t\t<\/div>\n\t\t\t\t<div class=\"elementor-element elementor-element-5a7a5bb elementor-widget-divider--view-line elementor-widget elementor-widget-divider\" data-id=\"5a7a5bb\" data-element_type=\"widget\" data-widget_type=\"divider.default\">\n\t\t\t\t\t\t\t<div class=\"elementor-divider\">\n\t\t\t<span class=\"elementor-divider-separator\">\n\t\t\t\t\t\t<\/span>\n\t\t<\/div>\n\t\t\t\t\t\t<\/div>\n\t\t<div class=\"elementor-element elementor-element-3b0fb88 e-con-full e-flex e-con e-child\" data-id=\"3b0fb88\" data-element_type=\"container\">\n\t\t\t\t<div class=\"elementor-element elementor-element-275ce08 elementor-widget elementor-widget-heading\" data-id=\"275ce08\" data-element_type=\"widget\" data-widget_type=\"heading.default\">\n\t\t\t\t\t<h2 class=\"elementor-heading-title elementor-size-default\">Cambios en los T\u00e9rminos<\/h2>\t\t\t\t<\/div>\n\t\t\t\t<div class=\"elementor-element elementor-element-f7e6d7d elementor-widget elementor-widget-text-editor\" data-id=\"f7e6d7d\" data-element_type=\"widget\" data-widget_type=\"text-editor.default\">\n\t\t\t\t\t\t\t\t\t<p>Levion se reserva el derecho de modificar estos T\u00e9rminos en cualquier momento. Las actualizaciones se publicar\u00e1n en nuestro sitio web con una \u201cFecha de Vigencia\u201d revisada. <\/p>\t\t\t\t\t\t\t\t<\/div>\n\t\t\t\t<\/div>\n\t\t\t\t<div class=\"elementor-element elementor-element-36eab9c elementor-widget-divider--view-line elementor-widget elementor-widget-divider\" data-id=\"36eab9c\" data-element_type=\"widget\" data-widget_type=\"divider.default\">\n\t\t\t\t\t\t\t<div class=\"elementor-divider\">\n\t\t\t<span class=\"elementor-divider-separator\">\n\t\t\t\t\t\t<\/span>\n\t\t<\/div>\n\t\t\t\t\t\t<\/div>\n\t\t<div class=\"elementor-element elementor-element-99249ab e-con-full e-flex e-con e-child\" data-id=\"99249ab\" data-element_type=\"container\">\n\t\t\t\t<div class=\"elementor-element elementor-element-81cd7a5 elementor-widget elementor-widget-heading\" data-id=\"81cd7a5\" data-element_type=\"widget\" data-widget_type=\"heading.default\">\n\t\t\t\t\t<h2 class=\"elementor-heading-title elementor-size-default\">Contacto<\/h2>\t\t\t\t<\/div>\n\t\t\t\t<div class=\"elementor-element elementor-element-9bd7b70 elementor-icon-list--layout-traditional elementor-list-item-link-full_width elementor-widget elementor-widget-icon-list\" data-id=\"9bd7b70\" data-element_type=\"widget\" data-widget_type=\"icon-list.default\">\n\t\t\t\t\t\t\t<ul class=\"elementor-icon-list-items\">\n\t\t\t\t\t\t\t<li class=\"elementor-icon-list-item\">\n\t\t\t\t\t\t\t\t\t\t<span class=\"elementor-icon-list-text\">Si tienes preguntas sobre estos T\u00e9rminos, cont\u00e1ctanos en:<\/span>\n\t\t\t\t\t\t\t\t\t<\/li>\n\t\t\t\t\t\t\t\t<li class=\"elementor-icon-list-item\">\n\t\t\t\t\t\t\t\t\t\t\t<span class=\"elementor-icon-list-icon\">\n\t\t\t\t\t\t\t<svg aria-hidden=\"true\" class=\"e-font-icon-svg e-fas-envelope\" viewBox=\"0 0 512 512\" xmlns=\"http:\/\/www.w3.org\/2000\/svg\"><path d=\"M502.3 190.8c3.9-3.1 9.7-.2 9.7 4.7V400c0 26.5-21.5 48-48 48H48c-26.5 0-48-21.5-48-48V195.6c0-5 5.7-7.8 9.7-4.7 22.4 17.4 52.1 39.5 154.1 113.6 21.1 15.4 56.7 47.8 92.2 47.6 35.7.3 72-32.8 92.3-47.6 102-74.1 131.6-96.3 154-113.7zM256 320c23.2.4 56.6-29.2 73.4-41.4 132.7-96.3 142.8-104.7 173.4-128.7 5.8-4.5 9.2-11.5 9.2-18.9v-19c0-26.5-21.5-48-48-48H48C21.5 64 0 85.5 0 112v19c0 7.4 3.4 14.3 9.2 18.9 30.6 23.9 40.7 32.4 173.4 128.7 16.8 12.2 50.2 41.8 73.4 41.4z\"><\/path><\/svg>\t\t\t\t\t\t<\/span>\n\t\t\t\t\t\t\t\t\t\t<span class=\"elementor-icon-list-text\">leviononline@gmail.com<\/span>\n\t\t\t\t\t\t\t\t\t<\/li>\n\t\t\t\t\t\t\t\t<li class=\"elementor-icon-list-item\">\n\t\t\t\t\t\t\t\t\t\t\t<span class=\"elementor-icon-list-icon\">\n\t\t\t\t\t\t\t<svg aria-hidden=\"true\" class=\"e-font-icon-svg e-fas-phone-square-alt\" viewBox=\"0 0 448 512\" xmlns=\"http:\/\/www.w3.org\/2000\/svg\"><path d=\"M400 32H48A48 48 0 0 0 0 80v352a48 48 0 0 0 48 48h352a48 48 0 0 0 48-48V80a48 48 0 0 0-48-48zm-16.39 307.37l-15 65A15 15 0 0 1 354 416C194 416 64 286.29 64 126a15.7 15.7 0 0 1 11.63-14.61l65-15A18.23 18.23 0 0 1 144 96a16.27 16.27 0 0 1 13.79 9.09l30 70A17.9 17.9 0 0 1 189 181a17 17 0 0 1-5.5 11.61l-37.89 31a231.91 231.91 0 0 0 110.78 110.78l31-37.89A17 17 0 0 1 299 291a17.85 17.85 0 0 1 5.91 1.21l70 30A16.25 16.25 0 0 1 384 336a17.41 17.41 0 0 1-.39 3.37z\"><\/path><\/svg>\t\t\t\t\t\t<\/span>\n\t\t\t\t\t\t\t\t\t\t<span class=\"elementor-icon-list-text\">+34 654 632 565<\/span>\n\t\t\t\t\t\t\t\t\t<\/li>\n\t\t\t\t\t\t<\/ul>\n\t\t\t\t\t\t<\/div>\n\t\t\t\t<\/div>\n\t\t\t\t<\/div>\n\t\t\t\t\t<\/div>\n\t\t\t\t<\/div>\n\t\t\t\t<\/div>\n\t\t","protected":false},"excerpt":{"rendered":"<p>T\u00e9rminos y Condiciones Bienvenido a Levion.io (\u201cLevion\u201d, \u201cnosotros\u201d, \u201cnuestro\u201d o \u201cnos\u201d). Estos T\u00e9rminos y Condiciones (\u201cT\u00e9rminos\u201d) regulan el uso de nuestra web, nuestros servicios y cualquier contenido relacionado. Al acceder o utilizar nuestros servicios, aceptas cumplir con estos T\u00e9rminos. Si no est\u00e1s de acuerdo, por favor abstente de utilizar nuestros servicios. Servicios Ofrecemos servicios web&#8230;<\/p>\n","protected":false},"author":3,"featured_media":0,"parent":0,"menu_order":0,"comment_status":"closed","ping_status":"closed","template":"","meta":{"_acf_changed":false,"footnotes":""},"class_list":["post-1318","page","type-page","status-publish","hentry"],"acf":[],"_links":{"self":[{"href":"https:\/\/levion.io\/es\/wp-json\/wp\/v2\/pages\/1318","targetHints":{"allow":["GET"]}}],"collection":[{"href":"https:\/\/levion.io\/es\/wp-json\/wp\/v2\/pages"}],"about":[{"href":"https:\/\/levion.io\/es\/wp-json\/wp\/v2\/types\/page"}],"author":[{"embeddable":true,"href":"https:\/\/levion.io\/es\/wp-json\/wp\/v2\/users\/3"}],"replies":[{"embeddable":true,"href":"https:\/\/levion.io\/es\/wp-json\/wp\/v2\/comments?post=1318"}],"version-history":[{"count":6,"href":"https:\/\/levion.io\/es\/wp-json\/wp\/v2\/pages\/1318\/revisions"}],"predecessor-version":[{"id":1463,"href":"https:\/\/levion.io\/es\/wp-json\/wp\/v2\/pages\/1318\/revisions\/1463"}],"wp:attachment":[{"href":"https:\/\/levion.io\/es\/wp-json\/wp\/v2\/media?parent=1318"}],"curies":[{"name":"wp","href":"https:\/\/api.w.org\/{rel}","templated":true}]}}